{"id":9017,"date":"2026-02-15T18:10:32","date_gmt":"2026-02-15T18:10:32","guid":{"rendered":"https:\/\/thebodyclinique.hr\/?page_id=9017"},"modified":"2026-02-15T18:21:52","modified_gmt":"2026-02-15T18:21:52","slug":"upotreba-kolacica","status":"publish","type":"page","link":"https:\/\/thebodyclinique.hr\/en\/upotreba-kolacica\/","title":{"rendered":"Upotreba kola\u010di\u0107a"},"content":{"rendered":"<div data-elementor-type=\"wp-page\" data-elementor-id=\"9017\" class=\"elementor elementor-9017\">\n\t\t\t\t<div class=\"elementor-element elementor-element-6d3c69f e-flex e-con-boxed e-con e-parent\" data-id=\"6d3c69f\" data-element_type=\"container\" data-e-type=\"container\" data-settings=\"{&quot;background_background&quot;:&quot;classic&quot;}\">\n\t\t\t\t\t<div class=\"e-con-inner\">\n\t\t\t\t<div class=\"elementor-element elementor-element-d51629a elementor-widget elementor-widget-heading\" data-id=\"d51629a\" data-element_type=\"widget\" data-e-type=\"widget\" data-widget_type=\"heading.default\">\n\t\t\t\t<div class=\"elementor-widget-container\">\n\t\t\t\t\t<h1 class=\"elementor-heading-title elementor-size-default\">UPOTREBA KOLA\u010cI\u0106A (Cookie Policy)<\/h1>\t\t\t\t<\/div>\n\t\t\t\t<\/div>\n\t\t\t\t\t<\/div>\n\t\t\t\t<\/div>\n\t\t<div class=\"elementor-element elementor-element-fe5993a e-flex e-con-boxed e-con e-parent\" data-id=\"fe5993a\" data-element_type=\"container\" data-e-type=\"container\">\n\t\t\t\t\t<div class=\"e-con-inner\">\n\t\t\t\t<div class=\"elementor-element elementor-element-feb372e elementor-widget elementor-widget-text-editor\" data-id=\"feb372e\" data-element_type=\"widget\" data-e-type=\"widget\" data-widget_type=\"text-editor.default\">\n\t\t\t\t<div class=\"elementor-widget-container\">\n\t\t\t\t\t\t\t\t\t<p data-path-to-node=\"4\">Ova stranica poja\u0161njava kako <b data-path-to-node=\"4\" data-index-in-node=\"29\">The body clinique<\/b> koristi kola\u010di\u0107e i sli\u010dne tehnologije kako bismo vam osigurali najbolje korisni\u010dko iskustvo na na\u0161oj web stranici.<\/p><h6 data-path-to-node=\"5\"><b data-path-to-node=\"5\" data-index-in-node=\"0\">\u0160TO SU KOLA\u010cI\u0106I?<\/b><\/h6><p data-path-to-node=\"6\">Kola\u010di\u0107i su male datoteke koje va\u0161 preglednik sprema prilikom posjeta na\u0161em webu. Oni nam poma\u017eu da stranica radi ispravno, da razumijemo kako je koristite (statistika) i da vam prikazujemo oglase koji vas zanimaju (marketing).<\/p><h6 data-path-to-node=\"7\"><b data-path-to-node=\"7\" data-index-in-node=\"0\">VRSTE KOLA\u010cI\u0106A KOJE KORISTIMO<\/b><\/h6><p data-path-to-node=\"8\">Na na\u0161oj stranici koristimo tri kategorije kola\u010di\u0107a:<\/p><h6 data-path-to-node=\"9\"><b data-path-to-node=\"9\" data-index-in-node=\"0\">1. NU\u017dNI KOLA\u010cI\u0106I<\/b><\/h6><p data-path-to-node=\"10\">Ovi kola\u010di\u0107i su neophodni za funkcioniranje web stranice i ne mogu se isklju\u010diti. Bez njih stranica ne bi radila ispravno (npr. sigurnosne postavke ili sesije prijave).<\/p><ul data-path-to-node=\"11\"><li><p data-path-to-node=\"11,0,0\"><b data-path-to-node=\"11,0,0\" data-index-in-node=\"0\">Trajanje:<\/b> Ve\u0107inom se bri\u0161u nakon zatvaranja preglednika.<\/p><\/li><\/ul><h6 data-path-to-node=\"12\"><b data-path-to-node=\"12\" data-index-in-node=\"0\">2. STATISTI\u010cKI KOLA\u010cI\u0106I (Analytics)\u00a0<\/b><\/h6><p data-path-to-node=\"13\">Poma\u017eu nam razumjeti kako posjetitelji koriste stranicu (koje stranice najvi\u0161e posje\u0107uju, odakle dolaze). Podaci su anonimizirani i slu\u017ee isklju\u010divo za pobolj\u0161anje rada stranice.<\/p><ul data-path-to-node=\"14\"><li><p data-path-to-node=\"14,0,0\"><b data-path-to-node=\"14,0,0\" data-index-in-node=\"0\">Alat:<\/b> Google Analytics<\/p><\/li><li><p data-path-to-node=\"14,1,0\"><b data-path-to-node=\"14,1,0\" data-index-in-node=\"0\">Kola\u010di\u0107i:<\/b> <code data-path-to-node=\"14,1,0\" data-index-in-node=\"10\">_ga<\/code>, <code data-path-to-node=\"14,1,0\" data-index-in-node=\"15\">_gid<\/code>, <code data-path-to-node=\"14,1,0\" data-index-in-node=\"21\">_gat<\/code><\/p><\/li><\/ul><h6 data-path-to-node=\"15\"><b data-path-to-node=\"15\" data-index-in-node=\"0\">3. MARKETIN\u010cKI KOLA\u010cI\u0106I (Marketing i remarketing)<\/b><\/h6><p data-path-to-node=\"16\">Koriste se za pra\u0107enje posjetitelja kroz web stranice. Svrha je prikazivanje oglasa koji su relevantni i zanimljivi pojedina\u010dnom korisniku.<\/p><ul data-path-to-node=\"17\"><li><p data-path-to-node=\"17,0,0\"><b data-path-to-node=\"17,0,0\" data-index-in-node=\"0\">Alati:<\/b> Google Ads, Facebook Pixel<\/p><\/li><li><p data-path-to-node=\"17,1,0\"><b data-path-to-node=\"17,1,0\" data-index-in-node=\"0\">Svrha:<\/b> Remarketing (prikazivanje oglasa korisnicima koji su ve\u0107 posjetili na\u0161u stranicu).<\/p><\/li><\/ul><p>DETALJAN POPIS KOLA\u010cI\u0106A:<\/p><table data-path-to-node=\"6\"><thead><tr><td><strong>Naziv kola\u010di\u0107a<\/strong><\/td><td><strong>Pru\u017eatelj<\/strong><\/td><td><strong>Svrha<\/strong><\/td><td><strong>Trajanje<\/strong><\/td><\/tr><\/thead><tbody><tr><td><span data-path-to-node=\"6,1,0,0\"><b data-path-to-node=\"6,1,0,0\" data-index-in-node=\"0\">_ga<\/b><\/span><\/td><td><span data-path-to-node=\"6,1,1,0\">Google Analytics<\/span><\/td><td><span data-path-to-node=\"6,1,2,0\">Statistika posje\u0107enosti (anonimno)<\/span><\/td><td><span data-path-to-node=\"6,1,3,0\">2 godine<\/span><\/td><\/tr><tr><td><span data-path-to-node=\"6,2,0,0\"><b data-path-to-node=\"6,2,0,0\" data-index-in-node=\"0\">_gid<\/b><\/span><\/td><td><span data-path-to-node=\"6,2,1,0\">Google Analytics<\/span><\/td><td><span data-path-to-node=\"6,2,2,0\">Identifikacija korisnika za statistiku<\/span><\/td><td><span data-path-to-node=\"6,2,3,0\">24 sata<\/span><\/td><\/tr><tr><td><span data-path-to-node=\"6,3,0,0\"><b data-path-to-node=\"6,3,0,0\" data-index-in-node=\"0\">_fbp<\/b><\/span><\/td><td><span data-path-to-node=\"6,3,1,0\">Facebook<\/span><\/td><td><span data-path-to-node=\"6,3,2,0\">Pra\u0107enje posjeta za Facebook oglase<\/span><\/td><td><span data-path-to-node=\"6,3,3,0\">3 mjeseca<\/span><\/td><\/tr><tr><td><span data-path-to-node=\"6,4,0,0\"><b data-path-to-node=\"6,4,0,0\" data-index-in-node=\"0\">test_cookie<\/b><\/span><\/td><td><span data-path-to-node=\"6,4,1,0\">Google Ads<\/span><\/td><td><span data-path-to-node=\"6,4,2,0\">Provjera podr\u017eava li preglednik kola\u010di\u0107e<\/span><\/td><td><span data-path-to-node=\"6,4,3,0\">15 min<\/span><\/td><\/tr><tr><td><span data-path-to-node=\"6,5,0,0\"><b data-path-to-node=\"6,5,0,0\" data-index-in-node=\"0\">_gcl_au<\/b><\/span><\/td><td><span data-path-to-node=\"6,5,1,0\">Google Ads<\/span><\/td><td><span data-path-to-node=\"6,5,2,0\">Pra\u0107enje konverzija (oglasi)<\/span><\/td><td><span data-path-to-node=\"6,5,3,0\">3 mjeseca<\/span><\/td><\/tr><\/tbody><\/table><div class=\"horizontal-scroll-wrapper\"><div class=\"table-block-component\"><div class=\"table-block has-export-button\"><div class=\"table-content not-end-of-paragraph\" data-hveid=\"0\" data-ved=\"0CAAQ3ecQahgKEwj62quF8tiSAxUAAAAAHQAAAAAQlgM\">\u00a0<\/div><\/div><\/div><\/div><h6><b data-path-to-node=\"7\" data-index-in-node=\"0\">4. KAKO ONEMOGU\u0106ITI KOLA\u010cI\u0106E?<\/b><\/h6><p data-path-to-node=\"7\">Postavke kola\u010di\u0107a mo\u017eete kontrolirati i konfigurirati u va\u0161em internet pregledniku. Za informacije o na\u010dinima brisanja i upravljanja, odaberite preglednik koji koristite:<\/p><ul data-path-to-node=\"8\"><li><p data-path-to-node=\"8,0,0\"><a class=\"ng-star-inserted\" href=\"https:\/\/support.google.com\/chrome\/answer\/95647?hl=hr\" target=\"_blank\" rel=\"noopener\" data-hveid=\"0\" data-ved=\"0CAAQ_4QMahgKEwj62quF8tiSAxUAAAAAHQAAAAAQ6AI\">Google Chrome<\/a><\/p><\/li><li><p data-path-to-node=\"8,1,0\"><a class=\"ng-star-inserted\" href=\"https:\/\/support.mozilla.org\/hr\/kb\/Uklju%C4%8Divanje%20i%20isklju%C4%8Divanje%20kola%C4%8Di%C4%87a\" target=\"_blank\" rel=\"noopener\" data-hveid=\"0\" data-ved=\"0CAAQ_4QMahgKEwj62quF8tiSAxUAAAAAHQAAAAAQ6QI\">Mozilla Firefox<\/a><\/p><\/li><li><p data-path-to-node=\"8,2,0\"><a class=\"ng-star-inserted\" href=\"https:\/\/www.google.com\/search?q=https:\/\/support.apple.com\/hr-hr\/guide\/safari\/sfri11471\/mac\" target=\"_blank\" rel=\"noopener\" data-hveid=\"0\" data-ved=\"0CAAQ_4QMahgKEwj62quF8tiSAxUAAAAAHQAAAAAQ6gI\">Safari<\/a><\/p><\/li><li><p data-path-to-node=\"8,3,0\"><a class=\"ng-star-inserted\" href=\"https:\/\/www.google.com\/search?q=https:\/\/support.microsoft.com\/hr-hr\/windows\/microsoft-edge-podaci-pregledavanja-i-privatnost-bb8174ba-9d73-dcf2-9b4a-c582b4e640dd\" target=\"_blank\" rel=\"noopener\" data-hveid=\"0\" data-ved=\"0CAAQ_4QMahgKEwj62quF8tiSAxUAAAAAHQAAAAAQ6wI\">Microsoft Edge<\/a><\/p><\/li><\/ul>\t\t\t\t\t\t\t\t<\/div>\n\t\t\t\t<\/div>\n\t\t\t\t\t<\/div>\n\t\t\t\t<\/div>\n\t\t\t\t<\/div>","protected":false},"excerpt":{"rendered":"<p>UPOTREBA KOLA\u010cI\u0106A (Cookie Policy) Ova stranica poja\u0161njava kako The Body Clinique koristi kola\u010di\u0107e i sli\u010dne tehnologije kako bismo vam osigurali najbolje korisni\u010dko iskustvo na na\u0161oj web stranici. \u0160TO SU KOLA\u010cI\u0106I? Kola\u010di\u0107i su male datoteke koje va\u0161 preglednik sprema prilikom posjeta na\u0161em webu. Oni nam poma\u017eu da stranica radi ispravno, da razumijemo kako je koristite (statistika) [&hellip;]<\/p>\n","protected":false},"author":2,"featured_media":0,"parent":0,"menu_order":0,"comment_status":"closed","ping_status":"closed","template":"","meta":{"site-sidebar-layout":"no-sidebar","site-content-layout":"page-builder","ast-site-content-layout":"full-width-container","site-content-style":"unboxed","site-sidebar-style":"unboxed","ast-global-header-display":"","ast-banner-title-visibility":"","ast-main-header-display":"","ast-hfb-above-header-display":"","ast-hfb-below-header-display":"","ast-hfb-mobile-header-display":"","site-post-title":"disabled","ast-breadcrumbs-content":"","ast-featured-img":"disabled","footer-sml-layout":"","ast-disable-related-posts":"","theme-transparent-header-meta":"enabled","adv-header-id-meta":"","stick-header-meta":"","header-above-stick-meta":"","header-main-stick-meta":"","header-below-stick-meta":"","astra-migrate-meta-layouts":"set","ast-page-background-enabled":"default","ast-page-background-meta":{"desktop":{"background-color":"","background-image":"","background-repeat":"repeat","background-position":"center center","background-size":"auto","background-attachment":"scroll","background-type":"","background-media":"","overlay-type":"","overlay-color":"","overlay-opacity":"","overlay-gradient":""},"tablet":{"background-color":"","background-image":"","background-repeat":"repeat","background-position":"center center","background-size":"auto","background-attachment":"scroll","background-type":"","background-media":"","overlay-type":"","overlay-color":"","overlay-opacity":"","overlay-gradient":""},"mobile":{"background-color":"","background-image":"","background-repeat":"repeat","background-position":"center center","background-size":"auto","background-attachment":"scroll","background-type":"","background-media":"","overlay-type":"","overlay-color":"","overlay-opacity":"","overlay-gradient":""}},"ast-content-background-meta":{"desktop":{"background-color":"var(--ast-global-color-5)","background-image":"","background-repeat":"repeat","background-position":"center center","background-size":"auto","background-attachment":"scroll","background-type":"","background-media":"","overlay-type":"","overlay-color":"","overlay-opacity":"","overlay-gradient":""},"tablet":{"background-color":"var(--ast-global-color-5)","background-image":"","background-repeat":"repeat","background-position":"center center","background-size":"auto","background-attachment":"scroll","background-type":"","background-media":"","overlay-type":"","overlay-color":"","overlay-opacity":"","overlay-gradient":""},"mobile":{"background-color":"var(--ast-global-color-5)","background-image":"","background-repeat":"repeat","background-position":"center center","background-size":"auto","background-attachment":"scroll","background-type":"","background-media":"","overlay-type":"","overlay-color":"","overlay-opacity":"","overlay-gradient":""}},"footnotes":""},"class_list":["post-9017","page","type-page","status-publish","hentry"],"yoast_head":"<!-- This site is optimized with the Yoast SEO plugin v27.2 - https:\/\/yoast.com\/product\/yoast-seo-wordpress\/ -->\n<title>Upotreba kola\u010di\u0107a - The Body Clinique<\/title>\n<meta name=\"description\" content=\"Mjese\u010dni akcijski paketi na tretmane kozmetologije tijela, lica, estetsku medicinu i tretmane laserom u The Body Clinique.\" \/>\n<meta name=\"robots\" content=\"index, follow, max-snippet:-1, max-image-preview:large, max-video-preview:-1\" \/>\n<link rel=\"canonical\" href=\"https:\/\/thebodyclinique.hr\/en\/upotreba-kolacica\/\" \/>\n<meta property=\"og:locale\" content=\"en_US\" \/>\n<meta property=\"og:type\" content=\"article\" \/>\n<meta property=\"og:title\" content=\"Upotreba kola\u010di\u0107a - The Body Clinique\" \/>\n<meta property=\"og:description\" content=\"Mjese\u010dni akcijski paketi na tretmane kozmetologije tijela, lica, estetsku medicinu i tretmane laserom u The Body Clinique.\" \/>\n<meta property=\"og:url\" content=\"https:\/\/thebodyclinique.hr\/en\/upotreba-kolacica\/\" \/>\n<meta property=\"og:site_name\" content=\"The Body Clinique\" \/>\n<meta property=\"article:publisher\" content=\"https:\/\/www.facebook.com\/the.body.clinique\" \/>\n<meta property=\"article:modified_time\" content=\"2026-02-15T18:21:52+00:00\" \/>\n<meta property=\"og:image\" content=\"https:\/\/thebodyclinique.hr\/wp-content\/uploads\/2025\/03\/Logo_slovo_body-removebg-preview.png\" \/>\n\t<meta property=\"og:image:width\" content=\"342\" \/>\n\t<meta property=\"og:image:height\" content=\"349\" \/>\n\t<meta property=\"og:image:type\" content=\"image\/png\" \/>\n<meta name=\"twitter:card\" content=\"summary_large_image\" \/>\n<meta name=\"twitter:label1\" content=\"Est. reading time\" \/>\n\t<meta name=\"twitter:data1\" content=\"2 minutes\" \/>\n<script type=\"application\/ld+json\" class=\"yoast-schema-graph\">{\"@context\":\"https:\/\/schema.org\",\"@graph\":[{\"@type\":\"WebPage\",\"@id\":\"https:\/\/thebodyclinique.hr\/upotreba-kolacica\/\",\"url\":\"https:\/\/thebodyclinique.hr\/upotreba-kolacica\/\",\"name\":\"Upotreba kola\u010di\u0107a - The Body Clinique\",\"isPartOf\":{\"@id\":\"https:\/\/thebodyclinique.hr\/#website\"},\"datePublished\":\"2026-02-15T18:10:32+00:00\",\"dateModified\":\"2026-02-15T18:21:52+00:00\",\"description\":\"Mjese\u010dni akcijski paketi na tretmane kozmetologije tijela, lica, estetsku medicinu i tretmane laserom u The Body Clinique.\",\"breadcrumb\":{\"@id\":\"https:\/\/thebodyclinique.hr\/upotreba-kolacica\/#breadcrumb\"},\"inLanguage\":\"en-US\",\"potentialAction\":[{\"@type\":\"ReadAction\",\"target\":[\"https:\/\/thebodyclinique.hr\/upotreba-kolacica\/\"]}]},{\"@type\":\"BreadcrumbList\",\"@id\":\"https:\/\/thebodyclinique.hr\/upotreba-kolacica\/#breadcrumb\",\"itemListElement\":[{\"@type\":\"ListItem\",\"position\":1,\"name\":\"Home\",\"item\":\"https:\/\/thebodyclinique.hr\/\"},{\"@type\":\"ListItem\",\"position\":2,\"name\":\"Upotreba kola\u010di\u0107a\"}]},{\"@type\":\"WebSite\",\"@id\":\"https:\/\/thebodyclinique.hr\/#website\",\"url\":\"https:\/\/thebodyclinique.hr\/\",\"name\":\"The Body Clinique\",\"description\":\"The Body Clinique\",\"alternateName\":\"Klinika\",\"potentialAction\":[{\"@type\":\"SearchAction\",\"target\":{\"@type\":\"EntryPoint\",\"urlTemplate\":\"https:\/\/thebodyclinique.hr\/?s={search_term_string}\"},\"query-input\":{\"@type\":\"PropertyValueSpecification\",\"valueRequired\":true,\"valueName\":\"search_term_string\"}}],\"inLanguage\":\"en-US\"}]}<\/script>\n<!-- \/ Yoast SEO plugin. -->","yoast_head_json":{"title":"Upotreba kola\u010di\u0107a - The Body Clinique","description":"Mjese\u010dni akcijski paketi na tretmane kozmetologije tijela, lica, estetsku medicinu i tretmane laserom u The Body Clinique.","robots":{"index":"index","follow":"follow","max-snippet":"max-snippet:-1","max-image-preview":"max-image-preview:large","max-video-preview":"max-video-preview:-1"},"canonical":"https:\/\/thebodyclinique.hr\/en\/upotreba-kolacica\/","og_locale":"en_US","og_type":"article","og_title":"Upotreba kola\u010di\u0107a - The Body Clinique","og_description":"Mjese\u010dni akcijski paketi na tretmane kozmetologije tijela, lica, estetsku medicinu i tretmane laserom u The Body Clinique.","og_url":"https:\/\/thebodyclinique.hr\/en\/upotreba-kolacica\/","og_site_name":"The Body Clinique","article_publisher":"https:\/\/www.facebook.com\/the.body.clinique","article_modified_time":"2026-02-15T18:21:52+00:00","og_image":[{"width":342,"height":349,"url":"https:\/\/thebodyclinique.hr\/wp-content\/uploads\/2025\/03\/Logo_slovo_body-removebg-preview.png","type":"image\/png"}],"twitter_card":"summary_large_image","twitter_misc":{"Est. reading time":"2 minutes"},"schema":{"@context":"https:\/\/schema.org","@graph":[{"@type":"WebPage","@id":"https:\/\/thebodyclinique.hr\/upotreba-kolacica\/","url":"https:\/\/thebodyclinique.hr\/upotreba-kolacica\/","name":"Upotreba kola\u010di\u0107a - The Body Clinique","isPartOf":{"@id":"https:\/\/thebodyclinique.hr\/#website"},"datePublished":"2026-02-15T18:10:32+00:00","dateModified":"2026-02-15T18:21:52+00:00","description":"Mjese\u010dni akcijski paketi na tretmane kozmetologije tijela, lica, estetsku medicinu i tretmane laserom u The Body Clinique.","breadcrumb":{"@id":"https:\/\/thebodyclinique.hr\/upotreba-kolacica\/#breadcrumb"},"inLanguage":"en-US","potentialAction":[{"@type":"ReadAction","target":["https:\/\/thebodyclinique.hr\/upotreba-kolacica\/"]}]},{"@type":"BreadcrumbList","@id":"https:\/\/thebodyclinique.hr\/upotreba-kolacica\/#breadcrumb","itemListElement":[{"@type":"ListItem","position":1,"name":"Home","item":"https:\/\/thebodyclinique.hr\/"},{"@type":"ListItem","position":2,"name":"Upotreba kola\u010di\u0107a"}]},{"@type":"WebSite","@id":"https:\/\/thebodyclinique.hr\/#website","url":"https:\/\/thebodyclinique.hr\/","name":"The body clinique","description":"The body clinique","alternateName":"Klinika","potentialAction":[{"@type":"SearchAction","target":{"@type":"EntryPoint","urlTemplate":"https:\/\/thebodyclinique.hr\/?s={search_term_string}"},"query-input":{"@type":"PropertyValueSpecification","valueRequired":true,"valueName":"search_term_string"}}],"inLanguage":"en-US"}]}},"_links":{"self":[{"href":"https:\/\/thebodyclinique.hr\/en\/wp-json\/wp\/v2\/pages\/9017","targetHints":{"allow":["GET"]}}],"collection":[{"href":"https:\/\/thebodyclinique.hr\/en\/wp-json\/wp\/v2\/pages"}],"about":[{"href":"https:\/\/thebodyclinique.hr\/en\/wp-json\/wp\/v2\/types\/page"}],"author":[{"embeddable":true,"href":"https:\/\/thebodyclinique.hr\/en\/wp-json\/wp\/v2\/users\/2"}],"replies":[{"embeddable":true,"href":"https:\/\/thebodyclinique.hr\/en\/wp-json\/wp\/v2\/comments?post=9017"}],"version-history":[{"count":22,"href":"https:\/\/thebodyclinique.hr\/en\/wp-json\/wp\/v2\/pages\/9017\/revisions"}],"predecessor-version":[{"id":9039,"href":"https:\/\/thebodyclinique.hr\/en\/wp-json\/wp\/v2\/pages\/9017\/revisions\/9039"}],"wp:attachment":[{"href":"https:\/\/thebodyclinique.hr\/en\/wp-json\/wp\/v2\/media?parent=9017"}],"curies":[{"name":"wp","href":"https:\/\/api.w.org\/{rel}","templated":true}]}}