{"id":8488,"date":"2025-10-22T07:07:16","date_gmt":"2025-10-22T07:07:16","guid":{"rendered":"https:\/\/thebodyclinique.hr\/?page_id=8488"},"modified":"2026-03-25T17:39:46","modified_gmt":"2026-03-25T17:39:46","slug":"predugovorna-obavijest-6","status":"publish","type":"page","link":"https:\/\/thebodyclinique.hr\/en\/predugovorna-obavijest-6\/","title":{"rendered":"Predugovorna-obavijest"},"content":{"rendered":"<div data-elementor-type=\"wp-page\" data-elementor-id=\"8488\" class=\"elementor elementor-8488\">\n\t\t\t\t<div class=\"elementor-element elementor-element-6d3c69f e-flex e-con-boxed e-con e-parent\" data-id=\"6d3c69f\" data-element_type=\"container\" data-e-type=\"container\" data-settings=\"{&quot;background_background&quot;:&quot;classic&quot;}\">\n\t\t\t\t\t<div class=\"e-con-inner\">\n\t\t\t\t<div class=\"elementor-element elementor-element-d51629a elementor-widget elementor-widget-heading\" data-id=\"d51629a\" data-element_type=\"widget\" data-e-type=\"widget\" data-widget_type=\"heading.default\">\n\t\t\t\t<div class=\"elementor-widget-container\">\n\t\t\t\t\t<h1 class=\"elementor-heading-title elementor-size-default\">PREDUGOVORNA OBAVIJEST <\/h1>\t\t\t\t<\/div>\n\t\t\t\t<\/div>\n\t\t\t\t\t<\/div>\n\t\t\t\t<\/div>\n\t\t<div class=\"elementor-element elementor-element-fe5993a e-flex e-con-boxed e-con e-parent\" data-id=\"fe5993a\" data-element_type=\"container\" data-e-type=\"container\">\n\t\t\t\t\t<div class=\"e-con-inner\">\n\t\t\t\t<div class=\"elementor-element elementor-element-feb372e elementor-widget elementor-widget-text-editor\" data-id=\"feb372e\" data-element_type=\"widget\" data-e-type=\"widget\" data-widget_type=\"text-editor.default\">\n\t\t\t\t<div class=\"elementor-widget-container\">\n\t\t\t\t\t\t\t\t\t<p><strong>1. PODRU\u010cJE PRIMJENE<\/strong><\/p><p>Ova obavijest odnosi se isklju\u010divo na potro\u0161a\u010de u smislu odredbi zakona o za\u0161titi potro\u0161a\u010da, odnosno na svaku fizi\u010dku osobu koja sklapa pravni posao ili djeluje na tr\u017ei\u0161tu izvan svoje trgova\u010dke, poslovne, obrtni\u010dke ili profesionalne djelatnosti za slu\u010daj sklapanja ugovora na daljinu ili izvan poslovnih prostorija.<br \/>Pru\u017eatelj \u0107e dostaviti na email ili putem poruke na dru\u0161tvenoj mre\u017ei potro\u0161a\u010du ponudu. Ukoliko se sklapa ugovor o uslugama na daljinu putem telefona, sam ugovor se smatra sklopljenim tek nakon \u0161to potro\u0161a\u010d, nakon primitka ponude trgovca, dostavi trgovcu potvrdu svoje suglasnosti o sklapanju ugovora. Istovremenoprilikom slanja ponude potro\u0161a\u010du \u0107e se poslati ova predugovorna obavijest. Ukoliko potro\u0161a\u010d, nakon pregleda ponude istu prihvati, smatra se da je upoznat sa sadr\u017eajem predugovorne obavijesti.<br \/>Pru\u017eatelj otklanja odgovornost za sva sporna pitanja koja bi eventualno mogla proiza\u0107i iz razloga \u0161to potro\u0161a\u010d nije pro\u010ditao ovu Predugovornu obavijest.<\/p><p><strong>II. PRU\u017dATELJ USLUGA<\/strong><\/p><p>Pru\u017eatelj usluga je THE BODY CLINIQUE d.o.o. sa sjedi\u0161tem u Splitu (Grad Split), Put Brodarice 6, upisano u sudski registar Trgova\u010dkog suda u Splitu pod mati\u010dnim brojem upisa (MBS): 060475159, OIB: 55661975567 te posluje na adresi: Put Brodarice 6, 21 000 Split, iva@madaboutit.hr, Tel. broj 099 313 3111<\/p><p><strong>III. GLAVNA OBILJE\u017dJA USLUGE<\/strong><\/p><p>Glavna obilje\u017eja usluga koje Pru\u017eatelj pru\u017ea dostupna su na web stranici https:\/\/thebodyclinique.hr\/<\/p><p><strong>IV. MALOPRODAJNA CIJENA<\/strong><\/p><p>Maloprodajna cijena usluga navedena su u cjeniku na web stranici Pru\u017eatelja https:\/\/thebodyclinique.hr\/cjenik\/<br \/>U cijenu je uklju\u010den porez na dodanu vrijednost te ne postoje nikakvi dodatni tro\u0161kovi za potro\u0161a\u010da. Maloprodajna cijena je personalizirana na osnovi sustava automatiziranog dono\u0161enja odluka. Cijene, uvjeti pla\u0107anje te akcijske ponude vrijede isklju\u010divo u trenutku narud\u017ebe i\/ili pla\u0107anja i mogu se promjeniti bez prethodne najave.<br \/>Pru\u017eatelj ne obra\u010dunava nikakve tro\u0161kove uporabe sredstava daljinske komunikacije u svrhu sklapanja ugovora.<\/p><p><strong>V. UVJETI PLA\u0106ANJA<\/strong><br \/>Cijene u cjeniku izra\u017eene su u Eurima i uklju\u010duju PDV.<br \/>Klijent je du\u017ean uplatiti cjelokupni iznos ponude\/ tretmana prema va\u017ee\u0107em cjeniku.<br \/>Na gotovinska pla\u0107anja mogu\u0107i su dodatni popusti.<br \/>Za iznose manje od 100,00\u20ac ne primamo gotovinska pla\u0107anja.<br \/>Primamo kartice uz obro\u010dnu otplatu prema ispod navedenim uvjetima:<\/p><p>PBZ &#8211; Mastercard, Maestro, Visa jednokratno uz minimalni iznos 100,00\u20ac<br \/>PBZ &#8211; Maestro, Visa od 2 do 12 rata uz minimalni iznos 100,00 \u20ac<br \/>Erste &#8211; Mastercard, Maestro, Visa jednokratno uz minimalni iznos 100,00\u20ac<br \/>Erste &#8211; Mastercard, Maestro, Visa od 2 do 12 rata uz minimalni znos 100,00\u20ac<br \/>ZABA &#8211; Mastercard, Maestro, Visa uz minimalni iznos 100,00\u20ac<br \/>ZABA &#8211; Mastercard, Maestro, Visa od 2 do 12 rata uz minimalni iznos 100,00\u20ac<br \/>OTP \u2013 jednokratno Mastercard, Maestro, Visa uz minimalni iznos 100,00\u20ac<br \/>Raiffeisenbank &#8211; Mastercard, Maestro, Visa jednokratno uz minimalni iznos 100,00\u20ac<br \/>Visa Premium (ex Amex) &#8211; jednokratno uz minimalni iznos 100,00\u20ac<br \/>Visa Premium (ex Amex) &#8211; od 2 do 12 rata uz minimalni iznos 100,00\u20ac<br \/>Diners &#8211; jednokratno uz minimalni iznos 100,00\u20ac<br \/>Diners &#8211; od 2 do 12 rata uz minimalni iznos 100,00\u20ac<br \/>Preostale HR i strane kartice jednokratno uz minimalni iznos 100,00\u20ac:<br \/>Mastercard<br \/>Maestro<br \/>Visa, Visa Electron, V pay<br \/>American Express International<\/p><p><strong>VI. UVJETI PRU\u017dANJA USLUGE<\/strong><\/p><p><strong>1. Otkazivanje termina i nedolazak (No-show politika)<\/strong><br \/>Klijent je du\u017ean otkazati ili odgoditi zakazani termin najmanje 24 sata unaprijed. U slu\u010daju da klijent ne otka\u017ee termin unutar navedenog roka ili se ne pojavi na zakazanom terminu:<br \/>\u2013 ako je tretman dio unaprijed pla\u0107enog paketa, termin se smatra iskori\u0161tenim<br \/>\u2013 ako tretman nije unaprijed pla\u0107en, Pru\u017eatelj usluge zadr\u017eava pravo na sljede\u0107em terminu naplatiti 50% cijene propu\u0161tenog tretmana.<br \/>Kupnjom tretmana ili rezervacijom termina klijent potvr\u0111uje da je upoznat s ovom politikom i da je prihva\u0107a. Pru\u017eatelj usluge zadr\u017eava pravo naplate nastale \u0161tete zbog nedolaska klijenta, sukladno ovim Uvjetima pru\u017eanja usluge<br \/><strong>2. Vi\u0161a sila<\/strong><br \/>Iznimno, u slu\u010daju vi\u0161e sile (bolest, nezgoda ili druge izvanredne okolnosti), klijent je du\u017ean obavijestiti Pru\u017eatelja usluge u najkra\u0107em mogu\u0107em roku. U takvim slu\u010dajevima Pru\u017eatelj usluge mo\u017ee, prema vlastitoj procjeni,<br \/>omogu\u0107iti novi termin bez primjene no-show politike.<br \/>U slu\u010daju ponavljanih otkazivanja zbog navodne vi\u0161e sile unutar kratkog vremenskog razdoblja ili tijekom trajanja<br \/>istog paketa usluga, Pru\u017eatelj usluge zadr\u017eava pravo procjene opravdanosti razloga te pravo primjene<br \/>standardne politike otkazivanja, uklju\u010duju\u0107i naplatu ili evidentiranje termina kao iskori\u0161tenog.<br \/>Smatra se da su u\u010destala otkazivanja dva ili vi\u0161e termina unutar razdoblja od 30 dana. Pru\u017eatelj usluge zadr\u017eava diskrecijsko pravo ograni\u010diti primjenu iznimki u slu\u010daju u\u010destalih otkazivanja, kako bi za\u0161titio redovito poslovanje.<br \/><strong>3. Rok iskoristivosti pla\u0107enih tretmana<\/strong><br \/>Klijent je du\u017ean iskoristiti iznos unaprijed upla\u0107enih usluga Pru\u017eatelja u roku od jedne (1) godine od dana izdavanja ra\u010duna. Ukoliko klijent u navedenom roku ne iskoristi sve usluge iz unaprijed upla\u0107enog paketa kojeg je krenuo koristiti, isti nema pravo na povrat novca i naknadno odra\u0111ivanje neiskori\u0161tenih tretmana\/usluga, osim u slu\u010daju prava na raskid sukladno to\u010dki X. ove Obvijesti.<br \/><strong>4. Reklamacije<\/strong><br \/>Pru\u017eatelj garantira kvalitetu svakog izvr\u0161enog tretmana i pru\u017eene usluge, me\u0111utim zbog jedinstvenosti ljudskog tijela i individualnih reakcija svakog pojedinog organizma, postoji mogu\u0107nost da se \u017eeljeni rezultati ne ostvare ili da se isti ostvare u manjoj mjeri, a posebno ukoliko se potro\u0161a\u010d ne pridr\u017eava svih koraka koji su potrebni za postizanje cilja izvr\u0161enog tretmana i\/ili usluge, a s kojima je unaprijed bio upoznat. Po\u0161to se kod Pru\u017eatelja rade<br \/>medicinsko-estetske procedure koje osim o individualnom stanju organizma (na koji salon nema utjecaja) ovise i o psiholo\u0161kom stanju osobe te njenom individualnom pogledu na ishod tretmana, potro\u0161a\u010d nema pravo na povrat novca upla\u0107enog za tretmane i\/ili usluge. Ovisno o procjeni stru\u010dnog terapeuta ili doktora, za pojedine tretmane potro\u0161a\u010du se mogu ponuditi dodatni gratis tretmani. Prihvatom istih potro\u0161a\u010d prihva\u0107a da je reklamacija u potpunosti prihva\u0107ena i nema pravo na ikakva potra\u017eivanja prema Pru\u017eatelju.<\/p><p><strong>5. Odgovornost potro\u0161a\u010da za zdravstveno stanje<\/strong><br \/>Potro\u0161a\u010d je du\u017ean prije po\u010detka tretmana obavijestiti Pru\u017eatelja o svim relevantnim zdravstvenim stanjima, kontraindikacijama, alergijama, trudno\u0107i, terapijama ili drugim okolnostima koje mogu utjecati na sigurnost ili u\u010dinkovitost tretmana. Pru\u017eatelj ne snosi odgovornost za posljedice nastale zbog nepotpunih, neto\u010dnih ili pre\u0161u\u0107enih informacija od strane potro\u0161a\u010da. Ukoliko je upitnik o zdravstvenom stanju nepotpun, smatra se da je potro\u0161a\u010d odgovorio negativno (bez kontraindikacija) i da pristaje na izvo\u0111enje tretmana.<br \/>Kupnjom tretmana i dolaskom na isti potro\u0161a\u010d potvr\u0111uje da je zdravstveno sposoban za izvo\u0111enje odabrane usluge te da tretman koristi na vlastitu odgovornost.<br \/>Pru\u017eatelj zadr\u017eava pravo odbiti izvo\u0111enje tretmana ukoliko procijeni da bi isti mogao ugroziti zdravlje potro\u0161a\u010da.<br \/><strong>6. Za\u0161tita osobnih podataka (GDPR)<\/strong><br \/>Pru\u017eatelj prikuplja i obra\u0111uje osobne podatke potro\u0161a\u010da isklju\u010divo u svrhu pru\u017eanja usluga, vo\u0111enja evidencije, zakazivanja termina i komunikacije s klijentima, sukladno va\u017ee\u0107im propisima o za\u0161titi osobnih podataka (GDPR).<br \/>Osobni podaci ne\u0107e se dijeliti s tre\u0107im stranama osim kada je to zakonski obvezno. Potro\u0161a\u010d ima pravo uvida, ispravka, brisanja i ograni\u010denja obrade svojih osobnih podataka, kao i pravo na<br \/>prigovor. Vi\u0161e informacija o obradi osobnih podataka dostupno je na zahtjev u poslovnici te na web stranici Pru\u017eatelja.<\/p><p><strong>VII. VRIJEME PRU\u017dANJA USLUGE<\/strong><br \/>Za vrijeme pru\u017eanja usluge potrebno je nazvati poslovnicu na broj telefona 0993133111 i dogovoriti termin sukladno dostupnosti. Termini za kori\u0161tenje kupljenih tretmana ovise o trenuta\u010dnoj popunjenosti rasporeda i broju klijenata. Pru\u017eatelj ne jam\u010di trenutnu dostupnost termina. Potro\u0161a\u010du \u0107e biti ponu\u0111en prvi mogu\u0107i slobodan termin sukladno<br \/>raspolo\u017eivosti i organizaciji rada.<br \/>Kupnjom tretmana potro\u0161a\u010d prihva\u0107a da se termini dodjeljuju prema redoslijedu prijava i stvarnoj dostupnosti. Pru\u017eatelj zadr\u017eava pravo organizacije rasporeda prema poslovnim potrebama. Tokom ljetne sezone od 01. svibnja do 01. studenog svi paketi usluga koji sadr\u017eavaju ve\u0107i broj tretmana ne mogu biti rezervirani i odra\u0111eni bez uplate cjelokupnog iznosa.<\/p><p><strong>VIII. MINIMALNI ROK U KOJEM JE POTRO\u0160A\u010c VEZAN UGOVOROM, AKO POSTOJI.<\/strong><br \/>Ugovor koji se sklapa na daljinu ili izvan poslovnih prostorija jednokratan je ugovor o pru\u017eanju usluga te se smatra konzumiranim u trenutku kada je usluga u cijelosti pru\u017eena, odnosno izvr\u0161enim pla\u0107anjem, ukoliko isti ne bude raskinut u skladu sa ovom Predugovorom obavijesti.<\/p><p><strong>IX. PRAVO NA PRIGOVOR<\/strong><br \/>Ukoliko niste zadovoljni sa pru\u017eenom uslugom imate pravo na podno\u0161enje pisanog prigovora u na\u0161im poslovnim prostorijama, putem elektroni\u010dke po\u0161te na email iva@madaboutit.hr ili putem po\u0161te na adresu Put brodarice 6,<br \/>21000 Split. Kada zaprimimo prigovor bez odga\u0111anja \u0107emo u pisanom obliku putem po\u0161te ili elektroni\u010dke po\u0161te potvrditi<br \/>primitak prigovora. Na prigovor \u0107emo odgovoriti u roku od 15 dana od dana zaprimanja istog, jasno se<br \/>izja\u0161njavaju\u0107i prihva\u0107amo li osnovanost prigovora. Prigovor mo\u017eete podnijeti po\u0161tom ili na email adresu Pru\u017eatelja: Put Brodarice 6, 21 000 Split \u00a0<br \/>iva@madaboutit.hr<br \/><strong>X. PRAVO NA JEDNOSTRANI RASKID UGOVORA O PRU\u017dANJU USLUGA I PRIMJERAK OBRASCA ZA<\/strong><br \/><strong>JEDNOSTRANI RASKID<\/strong><br \/>\uf0d8 Pravo na raskid<br \/>Kao potro\u0161a\u010d imate pravo, ne navode\u0107i razloge za to, jednostrano raskinuti ugovor o pru\u017eanju usluge sklopljen sa nama kao Pru\u017eateljem, na daljinu ili izvan poslovnih prostorija, i to u roku od 14 dana.<\/p><p>Da biste mogli ostvariti pravo na jednostrani raskid ugovora, morate nas obavijestiti o svojoj odluci o<br \/>jednostranom raskidu ugovora prije isteka roka i to slanjem obrasca na email adresu navedenu u nastavku.<\/p><p>Primjerak obrasca za jednostrani raskid ugovora dostupan je na sljede\u0107oj poveznici:<br data-start=\"608\" data-end=\"611\" \/><a class=\"decorated-link cursor-pointer\" href=\"https:\/\/thebodyclinique.hr\/wp-content\/uploads\/2026\/03\/PRIMJERAK-OBRASCA-O-JEDNOSTRANOM-RASKIDU.odt\" target=\"_new\" rel=\"noopener\" data-start=\"613\" data-end=\"657\">https:\/\/thebodyclinique.hr\/obrazac-za-raskid<\/a><br \/>te isti mo\u017eete elektroni\u010dki ispuniti i poslati na email adresu iva@madaboutit.hr<br \/>Potvrdu primitka obavijesti o jednostranom raskidu ugovora dostaviti \u0107emo Vam, bez odga\u0111anja, elektroni\u010dkom po\u0161tom.<\/p><p>\uf0d8 Gubitak prava na jednostrani raskid ugovora<\/p><p>Potro\u0161a\u010d nema pravo na jednostrani raskid:<br \/>\uf0b7 ukoliko isti ne dostavi pisanu obavijest o svojoj odluci da raskida ugovor;<br \/>\uf0b7 ukoliko isti ne dostavi pisanu obavijest o svojoj odluci da raskida ugovor u roku od 14 dana od dana<br \/>sklapanja ugovora.<br \/>Ako je na Va\u0161 zahtjev izvr\u0161avanje usluge zapo\u010delo prije isteka roka za jednostrani raskid ugovora, du\u017eni ste nam platiti iznos za usluge koje su razmjerne onom \u0161to je pru\u017eeno do trenutka kada ste nas obavijestili o jednostranom raskidu ovog Ugovora.<\/p><p>\uf0d8 Ra\u010dunanje roka za jednostrani raskid ugovora<\/p><p>Rok za jednostrani raskid iznosi 14 dana od dana sklapanja ugovora o pru\u017eanju usluge koji je sklopljen na daljinu ili izvan poslovnih prostorija.<br \/>\uf0d8 Povrat upla\u0107enog iznosa<br \/>Ako jednostrano raskinete ugovor o pru\u017eanju usluge, izvr\u0161it \u0107emo povrat novca koji smo od Vas primili bez<br \/>odga\u0111anja, a najkasnije u roku od 14 dana od dana kada smo zaprimili Va\u0161u odluku o jednostranom raskidu ugovora.<br \/>Povrat novca bit \u0107e izvr\u0161en na isti na\u010din na koji ste Vi izvr\u0161ili uplatu. U slu\u010daju da pristajete na drugi na\u010din povrata pla\u0107enog iznosa, ne snosite nikakve tro\u0161kove u odnosu na povrat.<\/p><p><strong>XI. RJE\u0160AVANJE SPOROVA<\/strong><br \/>Svi sporovi koji eventualno nastanu izme\u0111u Pru\u017eatelja i potro\u0161a\u010da nastojat \u0107e se rije\u0161iti mirnim putem. U slu\u010daju nemogu\u0107nosti rje\u0161enja mirnim putem, spor \u0107e se kona\u010dno rije\u0161iti pred stvarno nadle\u017enim sudom.<br \/>XII. ZAVR\u0160NE ODREDBE<br \/>Pru\u017eatelj zadr\u017eava pravo izmjene ove Predugovorne obavijesti uz objavu na web stranici i dru\u0161tvenoj mre\u017ei bez prethodne najave.<\/p><p>U Splitu, dana 12.02.2026.<\/p><p><a href=\"https:\/\/thebodyclinique.hr\/wp-content\/uploads\/2026\/03\/Predugovorna-obavijest-4.pdf\">Preuzmi potpisanu Predugovornu obavijest (PDF)<\/a><\/p>\t\t\t\t\t\t\t\t<\/div>\n\t\t\t\t<\/div>\n\t\t\t\t\t<\/div>\n\t\t\t\t<\/div>\n\t\t\t\t<\/div>","protected":false},"excerpt":{"rendered":"<p>PREDUGOVORNA OBAVIJEST 1. PODRU\u010cJE PRIMJENE Ova obavijest odnosi se isklju\u010divo na potro\u0161a\u010de u smislu odredbi zakona o za\u0161titi potro\u0161a\u010da, odnosno na svaku fizi\u010dku osobu koja sklapa pravni posao ili djeluje na tr\u017ei\u0161tu izvan svoje trgova\u010dke, poslovne, obrtni\u010dke ili profesionalne djelatnosti za slu\u010daj sklapanja ugovora na daljinu ili izvan poslovnih prostorija.Pru\u017eatelj \u0107e dostaviti na email ili [&hellip;]<\/p>\n","protected":false},"author":2,"featured_media":0,"parent":0,"menu_order":0,"comment_status":"closed","ping_status":"closed","template":"","meta":{"site-sidebar-layout":"no-sidebar","site-content-layout":"page-builder","ast-site-content-layout":"full-width-container","site-content-style":"unboxed","site-sidebar-style":"unboxed","ast-global-header-display":"","ast-banner-title-visibility":"","ast-main-header-display":"","ast-hfb-above-header-display":"","ast-hfb-below-header-display":"","ast-hfb-mobile-header-display":"","site-post-title":"disabled","ast-breadcrumbs-content":"","ast-featured-img":"disabled","footer-sml-layout":"","ast-disable-related-posts":"","theme-transparent-header-meta":"enabled","adv-header-id-meta":"","stick-header-meta":"","header-above-stick-meta":"","header-main-stick-meta":"","header-below-stick-meta":"","astra-migrate-meta-layouts":"set","ast-page-background-enabled":"default","ast-page-background-meta":{"desktop":{"background-color":"","background-image":"","background-repeat":"repeat","background-position":"center center","background-size":"auto","background-attachment":"scroll","background-type":"","background-media":"","overlay-type":"","overlay-color":"","overlay-opacity":"","overlay-gradient":""},"tablet":{"background-color":"","background-image":"","background-repeat":"repeat","background-position":"center center","background-size":"auto","background-attachment":"scroll","background-type":"","background-media":"","overlay-type":"","overlay-color":"","overlay-opacity":"","overlay-gradient":""},"mobile":{"background-color":"","background-image":"","background-repeat":"repeat","background-position":"center center","background-size":"auto","background-attachment":"scroll","background-type":"","background-media":"","overlay-type":"","overlay-color":"","overlay-opacity":"","overlay-gradient":""}},"ast-content-background-meta":{"desktop":{"background-color":"var(--ast-global-color-5)","background-image":"","background-repeat":"repeat","background-position":"center center","background-size":"auto","background-attachment":"scroll","background-type":"","background-media":"","overlay-type":"","overlay-color":"","overlay-opacity":"","overlay-gradient":""},"tablet":{"background-color":"var(--ast-global-color-5)","background-image":"","background-repeat":"repeat","background-position":"center center","background-size":"auto","background-attachment":"scroll","background-type":"","background-media":"","overlay-type":"","overlay-color":"","overlay-opacity":"","overlay-gradient":""},"mobile":{"background-color":"var(--ast-global-color-5)","background-image":"","background-repeat":"repeat","background-position":"center center","background-size":"auto","background-attachment":"scroll","background-type":"","background-media":"","overlay-type":"","overlay-color":"","overlay-opacity":"","overlay-gradient":""}},"footnotes":""},"class_list":["post-8488","page","type-page","status-publish","hentry"],"yoast_head":"<!-- This site is optimized with the Yoast SEO plugin v27.2 - https:\/\/yoast.com\/product\/yoast-seo-wordpress\/ -->\n<title>Predugovorna-obavijest - The Body Clinique<\/title>\n<meta name=\"description\" content=\"Mjese\u010dni akcijski paketi na tretmane kozmetologije tijela, lica, estetsku medicinu i tretmane laserom u The Body Clinique.\" \/>\n<meta name=\"robots\" content=\"index, follow, max-snippet:-1, max-image-preview:large, max-video-preview:-1\" \/>\n<link rel=\"canonical\" href=\"https:\/\/thebodyclinique.hr\/en\/predugovorna-obavijest-6\/\" \/>\n<meta property=\"og:locale\" content=\"en_US\" \/>\n<meta property=\"og:type\" content=\"article\" \/>\n<meta property=\"og:title\" content=\"Predugovorna-obavijest - The Body Clinique\" \/>\n<meta property=\"og:description\" content=\"Mjese\u010dni akcijski paketi na tretmane kozmetologije tijela, lica, estetsku medicinu i tretmane laserom u The Body Clinique.\" \/>\n<meta property=\"og:url\" content=\"https:\/\/thebodyclinique.hr\/en\/predugovorna-obavijest-6\/\" \/>\n<meta property=\"og:site_name\" content=\"The Body Clinique\" \/>\n<meta property=\"article:publisher\" content=\"https:\/\/www.facebook.com\/the.body.clinique\" \/>\n<meta property=\"article:modified_time\" content=\"2026-03-25T17:39:46+00:00\" \/>\n<meta property=\"og:image\" content=\"https:\/\/thebodyclinique.hr\/wp-content\/uploads\/2025\/03\/Logo_slovo_body-removebg-preview.png\" \/>\n\t<meta property=\"og:image:width\" content=\"342\" \/>\n\t<meta property=\"og:image:height\" content=\"349\" \/>\n\t<meta property=\"og:image:type\" content=\"image\/png\" \/>\n<meta name=\"twitter:card\" content=\"summary_large_image\" \/>\n<meta name=\"twitter:label1\" content=\"Est. reading time\" \/>\n\t<meta name=\"twitter:data1\" content=\"8 minutes\" \/>\n<script type=\"application\/ld+json\" class=\"yoast-schema-graph\">{\"@context\":\"https:\/\/schema.org\",\"@graph\":[{\"@type\":\"WebPage\",\"@id\":\"https:\/\/thebodyclinique.hr\/predugovorna-obavijest-6\/\",\"url\":\"https:\/\/thebodyclinique.hr\/predugovorna-obavijest-6\/\",\"name\":\"Predugovorna-obavijest - The Body Clinique\",\"isPartOf\":{\"@id\":\"https:\/\/thebodyclinique.hr\/#website\"},\"datePublished\":\"2025-10-22T07:07:16+00:00\",\"dateModified\":\"2026-03-25T17:39:46+00:00\",\"description\":\"Mjese\u010dni akcijski paketi na tretmane kozmetologije tijela, lica, estetsku medicinu i tretmane laserom u The Body Clinique.\",\"breadcrumb\":{\"@id\":\"https:\/\/thebodyclinique.hr\/predugovorna-obavijest-6\/#breadcrumb\"},\"inLanguage\":\"en-US\",\"potentialAction\":[{\"@type\":\"ReadAction\",\"target\":[\"https:\/\/thebodyclinique.hr\/predugovorna-obavijest-6\/\"]}]},{\"@type\":\"BreadcrumbList\",\"@id\":\"https:\/\/thebodyclinique.hr\/predugovorna-obavijest-6\/#breadcrumb\",\"itemListElement\":[{\"@type\":\"ListItem\",\"position\":1,\"name\":\"Home\",\"item\":\"https:\/\/thebodyclinique.hr\/\"},{\"@type\":\"ListItem\",\"position\":2,\"name\":\"Predugovorna-obavijest\"}]},{\"@type\":\"WebSite\",\"@id\":\"https:\/\/thebodyclinique.hr\/#website\",\"url\":\"https:\/\/thebodyclinique.hr\/\",\"name\":\"The Body Clinique\",\"description\":\"The Body Clinique\",\"alternateName\":\"Klinika\",\"potentialAction\":[{\"@type\":\"SearchAction\",\"target\":{\"@type\":\"EntryPoint\",\"urlTemplate\":\"https:\/\/thebodyclinique.hr\/?s={search_term_string}\"},\"query-input\":{\"@type\":\"PropertyValueSpecification\",\"valueRequired\":true,\"valueName\":\"search_term_string\"}}],\"inLanguage\":\"en-US\"}]}<\/script>\n<!-- \/ Yoast SEO plugin. -->","yoast_head_json":{"title":"Predugovorna-obavijest - The Body Clinique","description":"Mjese\u010dni akcijski paketi na tretmane kozmetologije tijela, lica, estetsku medicinu i tretmane laserom u The Body Clinique.","robots":{"index":"index","follow":"follow","max-snippet":"max-snippet:-1","max-image-preview":"max-image-preview:large","max-video-preview":"max-video-preview:-1"},"canonical":"https:\/\/thebodyclinique.hr\/en\/predugovorna-obavijest-6\/","og_locale":"en_US","og_type":"article","og_title":"Predugovorna-obavijest - The Body Clinique","og_description":"Mjese\u010dni akcijski paketi na tretmane kozmetologije tijela, lica, estetsku medicinu i tretmane laserom u The Body Clinique.","og_url":"https:\/\/thebodyclinique.hr\/en\/predugovorna-obavijest-6\/","og_site_name":"The Body Clinique","article_publisher":"https:\/\/www.facebook.com\/the.body.clinique","article_modified_time":"2026-03-25T17:39:46+00:00","og_image":[{"width":342,"height":349,"url":"https:\/\/thebodyclinique.hr\/wp-content\/uploads\/2025\/03\/Logo_slovo_body-removebg-preview.png","type":"image\/png"}],"twitter_card":"summary_large_image","twitter_misc":{"Est. reading time":"8 minutes"},"schema":{"@context":"https:\/\/schema.org","@graph":[{"@type":"WebPage","@id":"https:\/\/thebodyclinique.hr\/predugovorna-obavijest-6\/","url":"https:\/\/thebodyclinique.hr\/predugovorna-obavijest-6\/","name":"Predugovorna-obavijest - The Body Clinique","isPartOf":{"@id":"https:\/\/thebodyclinique.hr\/#website"},"datePublished":"2025-10-22T07:07:16+00:00","dateModified":"2026-03-25T17:39:46+00:00","description":"Mjese\u010dni akcijski paketi na tretmane kozmetologije tijela, lica, estetsku medicinu i tretmane laserom u The Body Clinique.","breadcrumb":{"@id":"https:\/\/thebodyclinique.hr\/predugovorna-obavijest-6\/#breadcrumb"},"inLanguage":"en-US","potentialAction":[{"@type":"ReadAction","target":["https:\/\/thebodyclinique.hr\/predugovorna-obavijest-6\/"]}]},{"@type":"BreadcrumbList","@id":"https:\/\/thebodyclinique.hr\/predugovorna-obavijest-6\/#breadcrumb","itemListElement":[{"@type":"ListItem","position":1,"name":"Home","item":"https:\/\/thebodyclinique.hr\/"},{"@type":"ListItem","position":2,"name":"Predugovorna-obavijest"}]},{"@type":"WebSite","@id":"https:\/\/thebodyclinique.hr\/#website","url":"https:\/\/thebodyclinique.hr\/","name":"The body clinique","description":"The body clinique","alternateName":"Klinika","potentialAction":[{"@type":"SearchAction","target":{"@type":"EntryPoint","urlTemplate":"https:\/\/thebodyclinique.hr\/?s={search_term_string}"},"query-input":{"@type":"PropertyValueSpecification","valueRequired":true,"valueName":"search_term_string"}}],"inLanguage":"en-US"}]}},"_links":{"self":[{"href":"https:\/\/thebodyclinique.hr\/en\/wp-json\/wp\/v2\/pages\/8488","targetHints":{"allow":["GET"]}}],"collection":[{"href":"https:\/\/thebodyclinique.hr\/en\/wp-json\/wp\/v2\/pages"}],"about":[{"href":"https:\/\/thebodyclinique.hr\/en\/wp-json\/wp\/v2\/types\/page"}],"author":[{"embeddable":true,"href":"https:\/\/thebodyclinique.hr\/en\/wp-json\/wp\/v2\/users\/2"}],"replies":[{"embeddable":true,"href":"https:\/\/thebodyclinique.hr\/en\/wp-json\/wp\/v2\/comments?post=8488"}],"version-history":[{"count":36,"href":"https:\/\/thebodyclinique.hr\/en\/wp-json\/wp\/v2\/pages\/8488\/revisions"}],"predecessor-version":[{"id":9127,"href":"https:\/\/thebodyclinique.hr\/en\/wp-json\/wp\/v2\/pages\/8488\/revisions\/9127"}],"wp:attachment":[{"href":"https:\/\/thebodyclinique.hr\/en\/wp-json\/wp\/v2\/media?parent=8488"}],"curies":[{"name":"wp","href":"https:\/\/api.w.org\/{rel}","templated":true}]}}