{"id":5777,"date":"2025-04-17T17:00:58","date_gmt":"2025-04-17T17:00:58","guid":{"rendered":"https:\/\/thebodyclinique.hr\/?page_id=5777"},"modified":"2026-04-09T12:01:48","modified_gmt":"2026-04-09T12:01:48","slug":"akcijski-paketi","status":"publish","type":"page","link":"https:\/\/thebodyclinique.hr\/en\/akcijski-paketi\/","title":{"rendered":"Deal packages"},"content":{"rendered":"<div data-elementor-type=\"wp-page\" data-elementor-id=\"5777\" class=\"elementor elementor-5777\">\n\t\t\t\t<div class=\"elementor-element elementor-element-f549b89 e-flex e-con-boxed e-con e-parent\" data-id=\"f549b89\" data-element_type=\"container\" data-e-type=\"container\">\n\t\t\t\t\t<div class=\"e-con-inner\">\n\t\t<div class=\"elementor-element elementor-element-0267cfe e-con-full e-flex e-con e-child\" data-id=\"0267cfe\" data-element_type=\"container\" data-e-type=\"container\">\n\t\t\t\t<div class=\"elementor-element elementor-element-89e4476 elementor-widget elementor-widget-image\" data-id=\"89e4476\" data-element_type=\"widget\" data-e-type=\"widget\" data-widget_type=\"image.default\">\n\t\t\t\t<div class=\"elementor-widget-container\">\n\t\t\t\t\t\t\t\t\t\t\t\t\t\t\t<img fetchpriority=\"high\" decoding=\"async\" width=\"819\" height=\"1024\" src=\"https:\/\/thebodyclinique.hr\/wp-content\/uploads\/2026\/03\/The-Body-Clinique-Story-Objava-na-Instagramu-4-5-819x1024.png\" class=\"attachment-large size-large wp-image-9103\" alt=\"akcija\" srcset=\"https:\/\/thebodyclinique.hr\/wp-content\/uploads\/2026\/03\/The-Body-Clinique-Story-Objava-na-Instagramu-4-5-819x1024.png 819w, https:\/\/thebodyclinique.hr\/wp-content\/uploads\/2026\/03\/The-Body-Clinique-Story-Objava-na-Instagramu-4-5-240x300.png 240w, https:\/\/thebodyclinique.hr\/wp-content\/uploads\/2026\/03\/The-Body-Clinique-Story-Objava-na-Instagramu-4-5-768x960.png 768w, https:\/\/thebodyclinique.hr\/wp-content\/uploads\/2026\/03\/The-Body-Clinique-Story-Objava-na-Instagramu-4-5-10x12.png 10w, https:\/\/thebodyclinique.hr\/wp-content\/uploads\/2026\/03\/The-Body-Clinique-Story-Objava-na-Instagramu-4-5.png 1080w\" sizes=\"(max-width: 819px) 100vw, 819px\" \/>\t\t\t\t\t\t\t\t\t\t\t\t\t\t\t<\/div>\n\t\t\t\t<\/div>\n\t\t\t\t<\/div>\n\t\t<div class=\"elementor-element elementor-element-7175909 e-con-full e-flex e-con e-child\" data-id=\"7175909\" data-element_type=\"container\" data-e-type=\"container\">\n\t\t\t\t<div class=\"elementor-element elementor-element-3920f9c elementor-widget elementor-widget-image\" data-id=\"3920f9c\" data-element_type=\"widget\" data-e-type=\"widget\" data-widget_type=\"image.default\">\n\t\t\t\t<div class=\"elementor-widget-container\">\n\t\t\t\t\t\t\t\t\t\t\t\t\t\t\t<img decoding=\"async\" width=\"512\" height=\"640\" src=\"https:\/\/thebodyclinique.hr\/wp-content\/uploads\/2026\/03\/PHOTO-2026-03-17-15-41-56.jpg\" class=\"attachment-large size-large wp-image-9113\" alt=\"akcija\" srcset=\"https:\/\/thebodyclinique.hr\/wp-content\/uploads\/2026\/03\/PHOTO-2026-03-17-15-41-56.jpg 512w, https:\/\/thebodyclinique.hr\/wp-content\/uploads\/2026\/03\/PHOTO-2026-03-17-15-41-56-240x300.jpg 240w, https:\/\/thebodyclinique.hr\/wp-content\/uploads\/2026\/03\/PHOTO-2026-03-17-15-41-56-10x12.jpg 10w\" sizes=\"(max-width: 512px) 100vw, 512px\" \/>\t\t\t\t\t\t\t\t\t\t\t\t\t\t\t<\/div>\n\t\t\t\t<\/div>\n\t\t\t\t<\/div>\n\t\t<div class=\"elementor-element elementor-element-50e08fc e-con-full e-flex e-con e-child\" data-id=\"50e08fc\" data-element_type=\"container\" data-e-type=\"container\">\n\t\t\t\t<div class=\"elementor-element elementor-element-a439a84 elementor-widget elementor-widget-image\" data-id=\"a439a84\" data-element_type=\"widget\" data-e-type=\"widget\" data-widget_type=\"image.default\">\n\t\t\t\t<div class=\"elementor-widget-container\">\n\t\t\t\t\t\t\t\t\t\t\t\t\t\t\t<img decoding=\"async\" width=\"512\" height=\"640\" src=\"https:\/\/thebodyclinique.hr\/wp-content\/uploads\/2026\/04\/PHOTO-2026-04-01-10-07-23.jpg\" class=\"attachment-large size-large wp-image-9136\" alt=\"akcija\" srcset=\"https:\/\/thebodyclinique.hr\/wp-content\/uploads\/2026\/04\/PHOTO-2026-04-01-10-07-23.jpg 512w, https:\/\/thebodyclinique.hr\/wp-content\/uploads\/2026\/04\/PHOTO-2026-04-01-10-07-23-240x300.jpg 240w, https:\/\/thebodyclinique.hr\/wp-content\/uploads\/2026\/04\/PHOTO-2026-04-01-10-07-23-10x12.jpg 10w\" sizes=\"(max-width: 512px) 100vw, 512px\" \/>\t\t\t\t\t\t\t\t\t\t\t\t\t\t\t<\/div>\n\t\t\t\t<\/div>\n\t\t\t\t<\/div>\n\t\t\t\t\t<\/div>\n\t\t\t\t<\/div>\n\t\t<div class=\"elementor-element elementor-element-09c1949 e-flex e-con-boxed e-con e-parent\" data-id=\"09c1949\" data-element_type=\"container\" data-e-type=\"container\">\n\t\t\t\t\t<div class=\"e-con-inner\">\n\t\t<div class=\"elementor-element elementor-element-92a937f e-con-full e-flex e-con e-child\" data-id=\"92a937f\" data-element_type=\"container\" data-e-type=\"container\">\n\t\t\t\t<div class=\"elementor-element elementor-element-b2c2c56 elementor-widget elementor-widget-image\" data-id=\"b2c2c56\" data-element_type=\"widget\" data-e-type=\"widget\" data-widget_type=\"image.default\">\n\t\t\t\t<div class=\"elementor-widget-container\">\n\t\t\t\t\t\t\t\t\t\t\t\t\t\t\t<img loading=\"lazy\" decoding=\"async\" width=\"819\" height=\"1024\" src=\"https:\/\/thebodyclinique.hr\/wp-content\/uploads\/2026\/04\/Body-feed-3-819x1024.jpg\" class=\"attachment-large size-large wp-image-9141\" alt=\"akcija microneedling\" srcset=\"https:\/\/thebodyclinique.hr\/wp-content\/uploads\/2026\/04\/Body-feed-3-819x1024.jpg 819w, https:\/\/thebodyclinique.hr\/wp-content\/uploads\/2026\/04\/Body-feed-3-240x300.jpg 240w, https:\/\/thebodyclinique.hr\/wp-content\/uploads\/2026\/04\/Body-feed-3-768x960.jpg 768w, https:\/\/thebodyclinique.hr\/wp-content\/uploads\/2026\/04\/Body-feed-3-1229x1536.jpg 1229w, https:\/\/thebodyclinique.hr\/wp-content\/uploads\/2026\/04\/Body-feed-3-1638x2048.jpg 1638w, https:\/\/thebodyclinique.hr\/wp-content\/uploads\/2026\/04\/Body-feed-3-10x12.jpg 10w, https:\/\/thebodyclinique.hr\/wp-content\/uploads\/2026\/04\/Body-feed-3.jpg 2048w\" sizes=\"(max-width: 819px) 100vw, 819px\" \/>\t\t\t\t\t\t\t\t\t\t\t\t\t\t\t<\/div>\n\t\t\t\t<\/div>\n\t\t\t\t<\/div>\n\t\t<div class=\"elementor-element elementor-element-444f5fe e-con-full e-flex e-con e-child\" data-id=\"444f5fe\" data-element_type=\"container\" data-e-type=\"container\">\n\t\t\t\t<div class=\"elementor-element elementor-element-a2aed41 elementor-widget elementor-widget-image\" data-id=\"a2aed41\" data-element_type=\"widget\" data-e-type=\"widget\" data-widget_type=\"image.default\">\n\t\t\t\t<div class=\"elementor-widget-container\">\n\t\t\t\t\t\t\t\t\t\t\t\t\t\t\t<img loading=\"lazy\" decoding=\"async\" width=\"512\" height=\"640\" src=\"https:\/\/thebodyclinique.hr\/wp-content\/uploads\/2026\/03\/PHOTO-2026-03-17-15-39-37.jpg\" class=\"attachment-large size-large wp-image-9114\" alt=\"akcija\" srcset=\"https:\/\/thebodyclinique.hr\/wp-content\/uploads\/2026\/03\/PHOTO-2026-03-17-15-39-37.jpg 512w, https:\/\/thebodyclinique.hr\/wp-content\/uploads\/2026\/03\/PHOTO-2026-03-17-15-39-37-240x300.jpg 240w, https:\/\/thebodyclinique.hr\/wp-content\/uploads\/2026\/03\/PHOTO-2026-03-17-15-39-37-10x12.jpg 10w\" sizes=\"(max-width: 512px) 100vw, 512px\" \/>\t\t\t\t\t\t\t\t\t\t\t\t\t\t\t<\/div>\n\t\t\t\t<\/div>\n\t\t\t\t<\/div>\n\t\t<div class=\"elementor-element elementor-element-c172667 e-con-full e-flex e-con e-child\" data-id=\"c172667\" data-element_type=\"container\" data-e-type=\"container\">\n\t\t\t\t<div class=\"elementor-element elementor-element-9a7dfc2 elementor-widget elementor-widget-image\" data-id=\"9a7dfc2\" data-element_type=\"widget\" data-e-type=\"widget\" data-widget_type=\"image.default\">\n\t\t\t\t<div class=\"elementor-widget-container\">\n\t\t\t\t\t\t\t\t\t\t\t\t\t\t\t<img loading=\"lazy\" decoding=\"async\" width=\"819\" height=\"1024\" src=\"https:\/\/thebodyclinique.hr\/wp-content\/uploads\/2026\/03\/Body-feed-819x1024.png\" class=\"attachment-large size-large wp-image-9118\" alt=\"akcija - tijelo\" srcset=\"https:\/\/thebodyclinique.hr\/wp-content\/uploads\/2026\/03\/Body-feed-819x1024.png 819w, https:\/\/thebodyclinique.hr\/wp-content\/uploads\/2026\/03\/Body-feed-240x300.png 240w, https:\/\/thebodyclinique.hr\/wp-content\/uploads\/2026\/03\/Body-feed-768x960.png 768w, https:\/\/thebodyclinique.hr\/wp-content\/uploads\/2026\/03\/Body-feed-10x12.png 10w, https:\/\/thebodyclinique.hr\/wp-content\/uploads\/2026\/03\/Body-feed.png 1080w\" sizes=\"(max-width: 819px) 100vw, 819px\" \/>\t\t\t\t\t\t\t\t\t\t\t\t\t\t\t<\/div>\n\t\t\t\t<\/div>\n\t\t\t\t<\/div>\n\t\t\t\t\t<\/div>\n\t\t\t\t<\/div>\n\t\t<div class=\"elementor-element elementor-element-a5a5e34 e-flex e-con-boxed e-con e-parent\" data-id=\"a5a5e34\" data-element_type=\"container\" data-e-type=\"container\" data-settings=\"{&quot;background_background&quot;:&quot;classic&quot;}\">\n\t\t\t\t\t<div class=\"e-con-inner\">\n\t\t<div class=\"elementor-element elementor-element-04de141 e-grid e-con-full e-con e-child\" data-id=\"04de141\" data-element_type=\"container\" data-e-type=\"container\" data-settings=\"{&quot;background_background&quot;:&quot;classic&quot;}\">\n\t\t<div class=\"elementor-element elementor-element-7c0f5dc e-con-full e-flex elementor-invisible e-con e-child\" data-id=\"7c0f5dc\" data-element_type=\"container\" data-e-type=\"container\" data-settings=\"{&quot;background_background&quot;:&quot;classic&quot;,&quot;animation&quot;:&quot;zoomIn&quot;}\">\n\t\t\t\t<div class=\"elementor-element elementor-element-0b206b9 elementor-widget elementor-widget-heading\" data-id=\"0b206b9\" data-element_type=\"widget\" data-e-type=\"widget\" data-widget_type=\"heading.default\">\n\t\t\t\t<div class=\"elementor-widget-container\">\n\t\t\t\t\t<h2 class=\"elementor-heading-title elementor-size-default\">Not sure which treatment to choose?<\/h2>\t\t\t\t<\/div>\n\t\t\t\t<\/div>\n\t\t\t\t<div class=\"elementor-element elementor-element-ff991af elementor-widget elementor-widget-text-editor\" data-id=\"ff991af\" data-element_type=\"widget\" data-e-type=\"widget\" data-widget_type=\"text-editor.default\">\n\t\t\t\t<div class=\"elementor-widget-container\">\n\t\t\t\t\t\t\t\t\t<p>We offer free consultations so our experts can help you choose the right treatment and provide all the necessary information.<\/p>\t\t\t\t\t\t\t\t<\/div>\n\t\t\t\t<\/div>\n\t\t\t\t<div class=\"elementor-element elementor-element-c156d2b elementor-widget elementor-widget-button\" data-id=\"c156d2b\" data-element_type=\"widget\" data-e-type=\"widget\" data-widget_type=\"button.default\">\n\t\t\t\t<div class=\"elementor-widget-container\">\n\t\t\t\t\t\t\t\t\t<div class=\"elementor-button-wrapper\">\n\t\t\t\t\t<a class=\"elementor-button elementor-button-link elementor-size-sm\" href=\"tel:+385993133111\">\n\t\t\t\t\t\t<span class=\"elementor-button-content-wrapper\">\n\t\t\t\t\t\t\t\t\t<span class=\"elementor-button-text\">Book now<\/span>\n\t\t\t\t\t<\/span>\n\t\t\t\t\t<\/a>\n\t\t\t\t<\/div>\n\t\t\t\t\t\t\t\t<\/div>\n\t\t\t\t<\/div>\n\t\t\t\t<\/div>\n\t\t\t\t<\/div>\n\t\t\t\t\t<\/div>\n\t\t\t\t<\/div>\n\t\t\t\t<\/div>","protected":false},"excerpt":{"rendered":"<p>NISTE SIGURNI KOJI TRETMAN ODABRATI? Nudimo besplatne konzultacije kako bi Vam na\u0161i stru\u010dnjaci pomogli odabrati tretman i pru\u017eiti potrebne informacije. NARU\u010cI SE<\/p>","protected":false},"author":2,"featured_media":0,"parent":0,"menu_order":0,"comment_status":"closed","ping_status":"closed","template":"","meta":{"site-sidebar-layout":"no-sidebar","site-content-layout":"page-builder","ast-site-content-layout":"full-width-container","site-content-style":"unboxed","site-sidebar-style":"unboxed","ast-global-header-display":"","ast-banner-title-visibility":"","ast-main-header-display":"","ast-hfb-above-header-display":"","ast-hfb-below-header-display":"","ast-hfb-mobile-header-display":"","site-post-title":"disabled","ast-breadcrumbs-content":"","ast-featured-img":"disabled","footer-sml-layout":"","ast-disable-related-posts":"","theme-transparent-header-meta":"enabled","adv-header-id-meta":"","stick-header-meta":"","header-above-stick-meta":"","header-main-stick-meta":"","header-below-stick-meta":"","astra-migrate-meta-layouts":"set","ast-page-background-enabled":"default","ast-page-background-meta":{"desktop":{"background-color":"","background-image":"","background-repeat":"repeat","background-position":"center center","background-size":"auto","background-attachment":"scroll","background-type":"","background-media":"","overlay-type":"","overlay-color":"","overlay-opacity":"","overlay-gradient":""},"tablet":{"background-color":"","background-image":"","background-repeat":"repeat","background-position":"center center","background-size":"auto","background-attachment":"scroll","background-type":"","background-media":"","overlay-type":"","overlay-color":"","overlay-opacity":"","overlay-gradient":""},"mobile":{"background-color":"","background-image":"","background-repeat":"repeat","background-position":"center center","background-size":"auto","background-attachment":"scroll","background-type":"","background-media":"","overlay-type":"","overlay-color":"","overlay-opacity":"","overlay-gradient":""}},"ast-content-background-meta":{"desktop":{"background-color":"var(--ast-global-color-5)","background-image":"","background-repeat":"repeat","background-position":"center center","background-size":"auto","background-attachment":"scroll","background-type":"","background-media":"","overlay-type":"","overlay-color":"","overlay-opacity":"","overlay-gradient":""},"tablet":{"background-color":"var(--ast-global-color-5)","background-image":"","background-repeat":"repeat","background-position":"center center","background-size":"auto","background-attachment":"scroll","background-type":"","background-media":"","overlay-type":"","overlay-color":"","overlay-opacity":"","overlay-gradient":""},"mobile":{"background-color":"var(--ast-global-color-5)","background-image":"","background-repeat":"repeat","background-position":"center center","background-size":"auto","background-attachment":"scroll","background-type":"","background-media":"","overlay-type":"","overlay-color":"","overlay-opacity":"","overlay-gradient":""}},"footnotes":""},"class_list":["post-5777","page","type-page","status-publish","hentry"],"yoast_head":"<!-- This site is optimized with the Yoast SEO plugin v27.2 - https:\/\/yoast.com\/product\/yoast-seo-wordpress\/ -->\n<title>Akcijski paketi - The Body Clinique<\/title>\n<meta name=\"description\" content=\"Mjese\u010dni akcijski paketi na tretmane kozmetologije tijela, lica, estetsku medicinu i tretmane laserom u The Body Clinique.\" \/>\n<meta name=\"robots\" content=\"index, follow, max-snippet:-1, max-image-preview:large, max-video-preview:-1\" \/>\n<link rel=\"canonical\" href=\"https:\/\/thebodyclinique.hr\/en\/akcijski-paketi\/\" \/>\n<meta property=\"og:locale\" content=\"en_US\" \/>\n<meta property=\"og:type\" content=\"article\" \/>\n<meta property=\"og:title\" content=\"Akcijski paketi - The Body Clinique\" \/>\n<meta property=\"og:description\" content=\"Mjese\u010dni akcijski paketi na tretmane kozmetologije tijela, lica, estetsku medicinu i tretmane laserom u The Body Clinique.\" \/>\n<meta property=\"og:url\" content=\"https:\/\/thebodyclinique.hr\/en\/akcijski-paketi\/\" \/>\n<meta property=\"og:site_name\" content=\"The Body Clinique\" \/>\n<meta property=\"article:publisher\" content=\"https:\/\/www.facebook.com\/the.body.clinique\" \/>\n<meta property=\"article:modified_time\" content=\"2026-04-09T12:01:48+00:00\" \/>\n<meta property=\"og:image\" content=\"https:\/\/thebodyclinique.hr\/wp-content\/uploads\/2026\/03\/The-Body-Clinique-Story-Objava-na-Instagramu-4-5.png\" \/>\n\t<meta property=\"og:image:width\" content=\"1080\" \/>\n\t<meta property=\"og:image:height\" content=\"1350\" \/>\n\t<meta property=\"og:image:type\" content=\"image\/png\" \/>\n<meta name=\"twitter:card\" content=\"summary_large_image\" \/>\n<meta name=\"twitter:label1\" content=\"Est. reading time\" \/>\n\t<meta name=\"twitter:data1\" content=\"2 minutes\" \/>\n<script type=\"application\/ld+json\" class=\"yoast-schema-graph\">{\"@context\":\"https:\/\/schema.org\",\"@graph\":[{\"@type\":\"WebPage\",\"@id\":\"https:\/\/thebodyclinique.hr\/akcijski-paketi\/\",\"url\":\"https:\/\/thebodyclinique.hr\/akcijski-paketi\/\",\"name\":\"Akcijski paketi - The Body Clinique\",\"isPartOf\":{\"@id\":\"https:\/\/thebodyclinique.hr\/#website\"},\"primaryImageOfPage\":{\"@id\":\"https:\/\/thebodyclinique.hr\/akcijski-paketi\/#primaryimage\"},\"image\":{\"@id\":\"https:\/\/thebodyclinique.hr\/akcijski-paketi\/#primaryimage\"},\"thumbnailUrl\":\"https:\/\/thebodyclinique.hr\/wp-content\/uploads\/2026\/03\/The-Body-Clinique-Story-Objava-na-Instagramu-4-5-819x1024.png\",\"datePublished\":\"2025-04-17T17:00:58+00:00\",\"dateModified\":\"2026-04-09T12:01:48+00:00\",\"description\":\"Mjese\u010dni akcijski paketi na tretmane kozmetologije tijela, lica, estetsku medicinu i tretmane laserom u The Body Clinique.\",\"breadcrumb\":{\"@id\":\"https:\/\/thebodyclinique.hr\/akcijski-paketi\/#breadcrumb\"},\"inLanguage\":\"en-US\",\"potentialAction\":[{\"@type\":\"ReadAction\",\"target\":[\"https:\/\/thebodyclinique.hr\/akcijski-paketi\/\"]}]},{\"@type\":\"ImageObject\",\"inLanguage\":\"en-US\",\"@id\":\"https:\/\/thebodyclinique.hr\/akcijski-paketi\/#primaryimage\",\"url\":\"https:\/\/thebodyclinique.hr\/wp-content\/uploads\/2026\/03\/The-Body-Clinique-Story-Objava-na-Instagramu-4-5-819x1024.png\",\"contentUrl\":\"https:\/\/thebodyclinique.hr\/wp-content\/uploads\/2026\/03\/The-Body-Clinique-Story-Objava-na-Instagramu-4-5-819x1024.png\"},{\"@type\":\"BreadcrumbList\",\"@id\":\"https:\/\/thebodyclinique.hr\/akcijski-paketi\/#breadcrumb\",\"itemListElement\":[{\"@type\":\"ListItem\",\"position\":1,\"name\":\"Home\",\"item\":\"https:\/\/thebodyclinique.hr\/\"},{\"@type\":\"ListItem\",\"position\":2,\"name\":\"Akcijski paketi\"}]},{\"@type\":\"WebSite\",\"@id\":\"https:\/\/thebodyclinique.hr\/#website\",\"url\":\"https:\/\/thebodyclinique.hr\/\",\"name\":\"The Body Clinique\",\"description\":\"The Body Clinique\",\"alternateName\":\"Klinika\",\"potentialAction\":[{\"@type\":\"SearchAction\",\"target\":{\"@type\":\"EntryPoint\",\"urlTemplate\":\"https:\/\/thebodyclinique.hr\/?s={search_term_string}\"},\"query-input\":{\"@type\":\"PropertyValueSpecification\",\"valueRequired\":true,\"valueName\":\"search_term_string\"}}],\"inLanguage\":\"en-US\"}]}<\/script>\n<!-- \/ Yoast SEO plugin. -->","yoast_head_json":{"title":"Akcijski paketi - The Body Clinique","description":"Mjese\u010dni akcijski paketi na tretmane kozmetologije tijela, lica, estetsku medicinu i tretmane laserom u The Body Clinique.","robots":{"index":"index","follow":"follow","max-snippet":"max-snippet:-1","max-image-preview":"max-image-preview:large","max-video-preview":"max-video-preview:-1"},"canonical":"https:\/\/thebodyclinique.hr\/en\/akcijski-paketi\/","og_locale":"en_US","og_type":"article","og_title":"Akcijski paketi - The Body Clinique","og_description":"Mjese\u010dni akcijski paketi na tretmane kozmetologije tijela, lica, estetsku medicinu i tretmane laserom u The Body Clinique.","og_url":"https:\/\/thebodyclinique.hr\/en\/akcijski-paketi\/","og_site_name":"The Body Clinique","article_publisher":"https:\/\/www.facebook.com\/the.body.clinique","article_modified_time":"2026-04-09T12:01:48+00:00","og_image":[{"width":1080,"height":1350,"url":"https:\/\/thebodyclinique.hr\/wp-content\/uploads\/2026\/03\/The-Body-Clinique-Story-Objava-na-Instagramu-4-5.png","type":"image\/png"}],"twitter_card":"summary_large_image","twitter_misc":{"Est. reading time":"2 minutes"},"schema":{"@context":"https:\/\/schema.org","@graph":[{"@type":"WebPage","@id":"https:\/\/thebodyclinique.hr\/akcijski-paketi\/","url":"https:\/\/thebodyclinique.hr\/akcijski-paketi\/","name":"Akcijski paketi - The Body Clinique","isPartOf":{"@id":"https:\/\/thebodyclinique.hr\/#website"},"primaryImageOfPage":{"@id":"https:\/\/thebodyclinique.hr\/akcijski-paketi\/#primaryimage"},"image":{"@id":"https:\/\/thebodyclinique.hr\/akcijski-paketi\/#primaryimage"},"thumbnailUrl":"https:\/\/thebodyclinique.hr\/wp-content\/uploads\/2026\/03\/The-Body-Clinique-Story-Objava-na-Instagramu-4-5-819x1024.png","datePublished":"2025-04-17T17:00:58+00:00","dateModified":"2026-04-09T12:01:48+00:00","description":"Mjese\u010dni akcijski paketi na tretmane kozmetologije tijela, lica, estetsku medicinu i tretmane laserom u The Body Clinique.","breadcrumb":{"@id":"https:\/\/thebodyclinique.hr\/akcijski-paketi\/#breadcrumb"},"inLanguage":"en-US","potentialAction":[{"@type":"ReadAction","target":["https:\/\/thebodyclinique.hr\/akcijski-paketi\/"]}]},{"@type":"ImageObject","inLanguage":"en-US","@id":"https:\/\/thebodyclinique.hr\/akcijski-paketi\/#primaryimage","url":"https:\/\/thebodyclinique.hr\/wp-content\/uploads\/2026\/03\/The-Body-Clinique-Story-Objava-na-Instagramu-4-5-819x1024.png","contentUrl":"https:\/\/thebodyclinique.hr\/wp-content\/uploads\/2026\/03\/The-Body-Clinique-Story-Objava-na-Instagramu-4-5-819x1024.png"},{"@type":"BreadcrumbList","@id":"https:\/\/thebodyclinique.hr\/akcijski-paketi\/#breadcrumb","itemListElement":[{"@type":"ListItem","position":1,"name":"Home","item":"https:\/\/thebodyclinique.hr\/"},{"@type":"ListItem","position":2,"name":"Akcijski paketi"}]},{"@type":"WebSite","@id":"https:\/\/thebodyclinique.hr\/#website","url":"https:\/\/thebodyclinique.hr\/","name":"The body clinique","description":"The body clinique","alternateName":"Klinika","potentialAction":[{"@type":"SearchAction","target":{"@type":"EntryPoint","urlTemplate":"https:\/\/thebodyclinique.hr\/?s={search_term_string}"},"query-input":{"@type":"PropertyValueSpecification","valueRequired":true,"valueName":"search_term_string"}}],"inLanguage":"en-US"}]}},"_links":{"self":[{"href":"https:\/\/thebodyclinique.hr\/en\/wp-json\/wp\/v2\/pages\/5777","targetHints":{"allow":["GET"]}}],"collection":[{"href":"https:\/\/thebodyclinique.hr\/en\/wp-json\/wp\/v2\/pages"}],"about":[{"href":"https:\/\/thebodyclinique.hr\/en\/wp-json\/wp\/v2\/types\/page"}],"author":[{"embeddable":true,"href":"https:\/\/thebodyclinique.hr\/en\/wp-json\/wp\/v2\/users\/2"}],"replies":[{"embeddable":true,"href":"https:\/\/thebodyclinique.hr\/en\/wp-json\/wp\/v2\/comments?post=5777"}],"version-history":[{"count":222,"href":"https:\/\/thebodyclinique.hr\/en\/wp-json\/wp\/v2\/pages\/5777\/revisions"}],"predecessor-version":[{"id":9144,"href":"https:\/\/thebodyclinique.hr\/en\/wp-json\/wp\/v2\/pages\/5777\/revisions\/9144"}],"wp:attachment":[{"href":"https:\/\/thebodyclinique.hr\/en\/wp-json\/wp\/v2\/media?parent=5777"}],"curies":[{"name":"wp","href":"https:\/\/api.w.org\/{rel}","templated":true}]}}